{"id":326,"date":"2017-01-05T13:25:59","date_gmt":"2017-01-05T19:25:59","guid":{"rendered":"https:\/\/www.bebetcpasettlement.com\/?page_id=5"},"modified":"2022-06-14T07:28:43","modified_gmt":"2022-06-14T13:28:43","slug":"home-2","status":"publish","type":"page","link":"https:\/\/www.litigiordm.com\/","title":{"rendered":"Menu Principal"},"content":{"rendered":"<p style=\"text-align: center;\"><strong>TRIBUNAL DE DISTRITO DE LOS ESTADOS UNIDOS CENTRAL <\/strong><strong>DE CALIFORNIA DIVISION OESTE<br \/>\nCausa N. 2:19-cv-3964-DDP<\/strong><\/p>\n<p>Esta notificaci\u00f3n proporciona informaci\u00f3n importante acerca de un Acuerdo Financiero propuesto de la Demanda colectiva celebrado por los trabajadores anteriores de Rancho Del Mar, Inc. y los Demandados, quienes son Rancho Del Mar, Inc., Better Produce, Inc., C.J.J. Farming, Inc. y el Sr. Juan Cisneros.\u00a0 Esta Notificaci\u00f3n presenta una explicaci\u00f3n de la Demanda, el Acuerdo Financiero propuesto referente a la Misma, los cambios de pr\u00e1cticas laborales en las operaciones agr\u00edcolas de los Demandados que forman parte del propuesto fallo judicial pactado y los derechos de que dispone usted para participar o excluirse a s\u00ed mismo del Acuerdo Financiero.<\/p>\n<p style=\"text-align: center;\"><a href=\"https:\/\/www.litigiordm.com\/wp-content\/uploads\/2021\/08\/Better-Produce_Notice_ESP.pdf\">AVISO COMPLETO<\/a><\/p>\n","protected":false},"excerpt":{"rendered":"<p>TRIBUNAL DE DISTRITO DE LOS ESTADOS UNIDOS CENTRAL DE CALIFORNIA DIVISION OESTE Causa N. 2:19-cv-3964-DDP Esta notificaci\u00f3n proporciona informaci\u00f3n importante acerca de un Acuerdo Financiero propuesto de la Demanda colectiva celebrado por los trabajadores anteriores de Rancho Del Mar, Inc. y los Demandados, quienes son Rancho Del Mar, Inc., Better Produce, Inc., C.J.J. Farming, Inc. &hellip; <a href=\"https:\/\/www.litigiordm.com\/\" class=\"more-link\">Continue reading <span class=\"screen-reader-text\">Menu Principal<\/span><\/a><\/p>\n","protected":false},"author":1,"featured_media":0,"parent":0,"menu_order":0,"comment_status":"closed","ping_status":"closed","template":"home-page.php","meta":{"_acf_changed":false,"footnotes":""},"class_list":["post-326","page","type-page","status-publish","hentry"],"acf":[],"_links":{"self":[{"href":"https:\/\/www.litigiordm.com\/index.php?rest_route=\/wp\/v2\/pages\/326","targetHints":{"allow":["GET"]}}],"collection":[{"href":"https:\/\/www.litigiordm.com\/index.php?rest_route=\/wp\/v2\/pages"}],"about":[{"href":"https:\/\/www.litigiordm.com\/index.php?rest_route=\/wp\/v2\/types\/page"}],"author":[{"embeddable":true,"href":"https:\/\/www.litigiordm.com\/index.php?rest_route=\/wp\/v2\/users\/1"}],"replies":[{"embeddable":true,"href":"https:\/\/www.litigiordm.com\/index.php?rest_route=%2Fwp%2Fv2%2Fcomments&post=326"}],"version-history":[{"count":18,"href":"https:\/\/www.litigiordm.com\/index.php?rest_route=\/wp\/v2\/pages\/326\/revisions"}],"predecessor-version":[{"id":1003,"href":"https:\/\/www.litigiordm.com\/index.php?rest_route=\/wp\/v2\/pages\/326\/revisions\/1003"}],"wp:attachment":[{"href":"https:\/\/www.litigiordm.com\/index.php?rest_route=%2Fwp%2Fv2%2Fmedia&parent=326"}],"curies":[{"name":"wp","href":"https:\/\/api.w.org\/{rel}","templated":true}]}}